{"id":2,"date":"2026-03-11T10:14:46","date_gmt":"2026-03-11T10:14:46","guid":{"rendered":"https:\/\/panaderiavillanueva.rkinformatika.online\/?page_id=2"},"modified":"2026-03-27T17:28:33","modified_gmt":"2026-03-27T17:28:33","slug":"inicio","status":"publish","type":"page","link":"https:\/\/panaderiavillanueva.com\/en\/","title":{"rendered":"Home"},"content":{"rendered":"<div data-elementor-type=\"wp-page\" data-elementor-id=\"2\" class=\"elementor elementor-2\" data-elementor-post-type=\"page\">\n\t\t\t\t<div class=\"elementor-element elementor-element-c619db9 e-flex e-con-boxed e-con e-parent\" data-id=\"c619db9\" data-element_type=\"container\" data-e-type=\"container\" data-settings=\"{&quot;background_background&quot;:&quot;classic&quot;}\">\n\t\t\t\t\t<div class=\"e-con-inner\">\n\t\t\t\t<div class=\"elementor-element elementor-element-4e43dca elementor-widget elementor-widget-heading\" data-id=\"4e43dca\" data-element_type=\"widget\" data-e-type=\"widget\" data-widget_type=\"heading.default\">\n\t\t\t\t\t<h2 class=\"elementor-heading-title elementor-size-default\">Pastas VILLANUEVA<\/h2>\t\t\t\t<\/div>\n\t\t\t\t<div class=\"elementor-element elementor-element-7a5a441 elementor-widget elementor-widget-text-editor\" data-id=\"7a5a441\" data-element_type=\"widget\" data-e-type=\"widget\" data-widget_type=\"text-editor.default\">\n\t\t\t\t\t\t\t\t\t<p>Synonyms for tradition, quality and dedication.<\/p>\t\t\t\t\t\t\t\t<\/div>\n\t\t\t\t\t<\/div>\n\t\t\t\t<\/div>\n\t\t<div class=\"elementor-element elementor-element-58196eb e-flex e-con-boxed e-con e-parent\" data-id=\"58196eb\" data-element_type=\"container\" data-e-type=\"container\">\n\t\t\t\t\t<div class=\"e-con-inner\">\n\t\t<div class=\"elementor-element elementor-element-c80a774 e-con-full e-flex e-con e-child\" data-id=\"c80a774\" data-element_type=\"container\" data-e-type=\"container\">\n\t\t\t\t<div class=\"elementor-element elementor-element-6d155a0 elementor-widget elementor-widget-heading\" data-id=\"6d155a0\" data-element_type=\"widget\" data-e-type=\"widget\" data-widget_type=\"heading.default\">\n\t\t\t\t\t<h2 class=\"elementor-heading-title elementor-size-default\">About us<\/h2>\t\t\t\t<\/div>\n\t\t\t\t<div class=\"elementor-element elementor-element-6624948 elementor-widget elementor-widget-text-editor\" data-id=\"6624948\" data-element_type=\"widget\" data-e-type=\"widget\" data-widget_type=\"text-editor.default\">\n\t\t\t\t\t\t\t\t\t<p>At Pastas Villanueva L\u00e1zaro we are a bakery and pastry shop with a long tradition, where quality, flavor and dedication are part of our daily life.<\/p><p>Over the years, we have grown while preserving traditional recipes, made with select ingredients and the utmost artisanal care. Our products are widely known in the area, reaching numerous establishments and towns thanks to our delivery service.<\/p>\t\t\t\t\t\t\t\t<\/div>\n\t\t\t\t<\/div>\n\t\t<div class=\"elementor-element elementor-element-96cde8b e-con-full e-flex e-con e-child\" data-id=\"96cde8b\" data-element_type=\"container\" data-e-type=\"container\" data-settings=\"{&quot;background_background&quot;:&quot;classic&quot;}\">\n\t\t\t\t<div class=\"elementor-element elementor-element-a32d96f elementor-widget elementor-widget-image\" data-id=\"a32d96f\" data-element_type=\"widget\" data-e-type=\"widget\" data-widget_type=\"image.default\">\n\t\t\t\t\t\t\t\t\t\t\t\t\t\t\t<img fetchpriority=\"high\" decoding=\"async\" width=\"800\" height=\"534\" src=\"https:\/\/panaderiavillanueva.com\/wp-content\/uploads\/2026\/03\/panaderia_02-1024x683.jpg\" class=\"attachment-large size-large wp-image-102\" alt=\"\" srcset=\"https:\/\/panaderiavillanueva.com\/wp-content\/uploads\/2026\/03\/panaderia_02-1024x683.jpg 1024w, https:\/\/panaderiavillanueva.com\/wp-content\/uploads\/2026\/03\/panaderia_02-300x200.jpg 300w, https:\/\/panaderiavillanueva.com\/wp-content\/uploads\/2026\/03\/panaderia_02-768x512.jpg 768w, https:\/\/panaderiavillanueva.com\/wp-content\/uploads\/2026\/03\/panaderia_02-1536x1025.jpg 1536w, https:\/\/panaderiavillanueva.com\/wp-content\/uploads\/2026\/03\/panaderia_02-18x12.jpg 18w, https:\/\/panaderiavillanueva.com\/wp-content\/uploads\/2026\/03\/panaderia_02.jpg 1988w\" sizes=\"(max-width: 800px) 100vw, 800px\" \/>\t\t\t\t\t\t\t\t\t\t\t\t\t\t\t<\/div>\n\t\t\t\t<\/div>\n\t\t\t\t\t<\/div>\n\t\t\t\t<\/div>\n\t\t<div class=\"elementor-element elementor-element-b01304b e-flex e-con-boxed e-con e-parent\" data-id=\"b01304b\" data-element_type=\"container\" data-e-type=\"container\">\n\t\t\t\t\t<div class=\"e-con-inner\">\n\t\t<div class=\"elementor-element elementor-element-3a473da e-con-full e-flex e-con e-child\" data-id=\"3a473da\" data-element_type=\"container\" data-e-type=\"container\">\n\t\t\t\t<div class=\"elementor-element elementor-element-1f39e9e elementor-widget elementor-widget-heading\" data-id=\"1f39e9e\" data-element_type=\"widget\" data-e-type=\"widget\" data-widget_type=\"heading.default\">\n\t\t\t\t\t<h2 class=\"elementor-heading-title elementor-size-default\">Not just bread...<\/h2>\t\t\t\t<\/div>\n\t\t\t\t<div class=\"elementor-element elementor-element-13e662a elementor-widget elementor-widget-text-editor\" data-id=\"13e662a\" data-element_type=\"widget\" data-e-type=\"widget\" data-widget_type=\"text-editor.default\">\n\t\t\t\t\t\t\t\t\t<p data-start=\"975\" data-end=\"1277\">In our bakery, we make a wide variety of breads, pastries, and traditional products, designed for everyday use and tailored to all tastes. We take care of every detail of the process, from the selection of ingredients to the final result, to guarantee an authentic and trustworthy product.<\/p><p data-start=\"1279\" data-end=\"1419\">Our philosophy is based on maintaining our core values, focusing on close relationships, quality work, and commitment to our customers.<\/p>\t\t\t\t\t\t\t\t<\/div>\n\t\t\t\t<\/div>\n\t\t<div class=\"elementor-element elementor-element-5ef384d e-con-full e-flex e-con e-child\" data-id=\"5ef384d\" data-element_type=\"container\" data-e-type=\"container\" data-settings=\"{&quot;background_background&quot;:&quot;classic&quot;}\">\n\t\t\t\t<div class=\"elementor-element elementor-element-3dd6321 elementor-widget elementor-widget-image\" data-id=\"3dd6321\" data-element_type=\"widget\" data-e-type=\"widget\" data-widget_type=\"image.default\">\n\t\t\t\t\t\t\t\t\t\t\t\t\t\t\t<img decoding=\"async\" width=\"800\" height=\"534\" src=\"https:\/\/panaderiavillanueva.com\/wp-content\/uploads\/2026\/03\/panaderia_13-1024x683.jpg\" class=\"attachment-large size-large wp-image-103\" alt=\"\" srcset=\"https:\/\/panaderiavillanueva.com\/wp-content\/uploads\/2026\/03\/panaderia_13-1024x683.jpg 1024w, https:\/\/panaderiavillanueva.com\/wp-content\/uploads\/2026\/03\/panaderia_13-300x200.jpg 300w, https:\/\/panaderiavillanueva.com\/wp-content\/uploads\/2026\/03\/panaderia_13-768x512.jpg 768w, https:\/\/panaderiavillanueva.com\/wp-content\/uploads\/2026\/03\/panaderia_13-1536x1024.jpg 1536w, https:\/\/panaderiavillanueva.com\/wp-content\/uploads\/2026\/03\/panaderia_13-2048x1365.jpg 2048w, https:\/\/panaderiavillanueva.com\/wp-content\/uploads\/2026\/03\/panaderia_13-18x12.jpg 18w\" sizes=\"(max-width: 800px) 100vw, 800px\" \/>\t\t\t\t\t\t\t\t\t\t\t\t\t\t\t<\/div>\n\t\t\t\t<\/div>\n\t\t\t\t\t<\/div>\n\t\t\t\t<\/div>\n\t\t<div class=\"elementor-element elementor-element-9c42af7 e-flex e-con-boxed e-con e-parent\" data-id=\"9c42af7\" data-element_type=\"container\" data-e-type=\"container\" data-settings=\"{&quot;background_background&quot;:&quot;classic&quot;}\">\n\t\t\t\t\t<div class=\"e-con-inner\">\n\t\t\t\t<div class=\"elementor-element elementor-element-25fac62 elementor-widget elementor-widget-heading\" data-id=\"25fac62\" data-element_type=\"widget\" data-e-type=\"widget\" data-widget_type=\"heading.default\">\n\t\t\t\t\t<h2 class=\"elementor-heading-title elementor-size-default\">Products made every day with quality and tradition.<\/h2>\t\t\t\t<\/div>\n\t\t\t\t<div class=\"elementor-element elementor-element-be5635a elementor-widget elementor-widget-button\" data-id=\"be5635a\" data-element_type=\"widget\" data-e-type=\"widget\" data-widget_type=\"button.default\">\n\t\t\t\t\t\t\t\t\t\t<a class=\"elementor-button elementor-button-link elementor-size-sm elementor-animation-grow\" href=\"\/en\/productos\/\">\n\t\t\t\t\t\t<span class=\"elementor-button-content-wrapper\">\n\t\t\t\t\t\t<span class=\"elementor-button-icon\">\n\t\t\t\t<svg aria-hidden=\"true\" class=\"e-font-icon-svg e-far-hand-point-right\" viewbox=\"0 0 512 512\" xmlns=\"http:\/\/www.w3.org\/2000\/svg\"><path d=\"M428.8 137.6h-86.177a115.52 115.52 0 0 0 2.176-22.4c0-47.914-35.072-83.2-92-83.2-45.314 0-57.002 48.537-75.707 78.784-7.735 12.413-16.994 23.317-25.851 33.253l-.131.146-.129.148C135.662 161.807 127.764 168 120.8 168h-2.679c-5.747-4.952-13.536-8-22.12-8H32c-17.673 0-32 12.894-32 28.8v230.4C0 435.106 14.327 448 32 448h64c8.584 0 16.373-3.048 22.12-8h2.679c28.688 0 67.137 40 127.2 40h21.299c62.542 0 98.8-38.658 99.94-91.145 12.482-17.813 18.491-40.785 15.985-62.791A93.148 93.148 0 0 0 393.152 304H428.8c45.435 0 83.2-37.584 83.2-83.2 0-45.099-38.101-83.2-83.2-83.2zm0 118.4h-91.026c12.837 14.669 14.415 42.825-4.95 61.05 11.227 19.646 1.687 45.624-12.925 53.625 6.524 39.128-10.076 61.325-50.6 61.325H248c-45.491 0-77.21-35.913-120-39.676V215.571c25.239-2.964 42.966-21.222 59.075-39.596 11.275-12.65 21.725-25.3 30.799-39.875C232.355 112.712 244.006 80 252.8 80c23.375 0 44 8.8 44 35.2 0 35.2-26.4 53.075-26.4 70.4h158.4c18.425 0 35.2 16.5 35.2 35.2 0 18.975-16.225 35.2-35.2 35.2zM88 384c0 13.255-10.745 24-24 24s-24-10.745-24-24 10.745-24 24-24 24 10.745 24 24z\"><\/path><\/svg>\t\t\t<\/span>\n\t\t\t\t\t\t\t\t\t<span class=\"elementor-button-text\">Products<\/span>\n\t\t\t\t\t<\/span>\n\t\t\t\t\t<\/a>\n\t\t\t\t\t\t\t\t<\/div>\n\t\t\t\t\t<\/div>\n\t\t\t\t<\/div>\n\t\t\t\t<\/div>","protected":false},"excerpt":{"rendered":"<p>Pastas VILLANUEVA Sin\u00f3nimos a tradici\u00f3n, calidad y dedicaci\u00f3n. Sobre nosotros: En Pastas Villanueva L\u00e1zaro somos una panader\u00eda y reposter\u00eda con una larga tradici\u00f3n, donde la calidad, el sabor y la dedicaci\u00f3n forman parte de nuestro d\u00eda a d\u00eda. A lo largo de los a\u00f1os hemos crecido manteniendo vivas las recetas de siempre, elaboradas con ingredientes [&hellip;]<\/p>\n","protected":false},"author":1,"featured_media":0,"parent":0,"menu_order":0,"comment_status":"closed","ping_status":"closed","template":"elementor_canvas","meta":{"footnotes":""},"class_list":["post-2","page","type-page","status-publish","hentry"],"yoast_head":"<!-- This site is optimized with the Yoast SEO plugin v27.4 - https:\/\/yoast.com\/product\/yoast-seo-wordpress\/ -->\n<title>Inicio - Panader\u00eda Villanueva<\/title>\n<meta name=\"robots\" content=\"index, follow, max-snippet:-1, max-image-preview:large, max-video-preview:-1\" \/>\n<link rel=\"canonical\" href=\"https:\/\/panaderiavillanueva.com\/en\/\" \/>\n<meta property=\"og:locale\" content=\"en_US\" \/>\n<meta property=\"og:type\" content=\"article\" \/>\n<meta property=\"og:title\" content=\"Inicio - Panader\u00eda Villanueva\" \/>\n<meta property=\"og:description\" content=\"Pastas VILLANUEVA Sin\u00f3nimos a tradici\u00f3n, calidad y dedicaci\u00f3n. Sobre nosotros: En Pastas Villanueva L\u00e1zaro somos una panader\u00eda y reposter\u00eda con una larga tradici\u00f3n, donde la calidad, el sabor y la dedicaci\u00f3n forman parte de nuestro d\u00eda a d\u00eda. A lo largo de los a\u00f1os hemos crecido manteniendo vivas las recetas de siempre, elaboradas con ingredientes [&hellip;]\" \/>\n<meta property=\"og:url\" content=\"https:\/\/panaderiavillanueva.com\/en\/\" \/>\n<meta property=\"og:site_name\" content=\"Panader\u00eda Villanueva\" \/>\n<meta property=\"article:modified_time\" content=\"2026-03-27T17:28:33+00:00\" \/>\n<meta property=\"og:image\" content=\"https:\/\/panaderiavillanueva.com\/wp-content\/uploads\/2026\/03\/panaderia_02-1024x683.jpg\" \/>\n<meta name=\"twitter:card\" content=\"summary_large_image\" \/>\n<meta name=\"twitter:label1\" content=\"Est. reading time\" \/>\n\t<meta name=\"twitter:data1\" content=\"1 minute\" \/>\n<script type=\"application\/ld+json\" class=\"yoast-schema-graph\">{\"@context\":\"https:\\\/\\\/schema.org\",\"@graph\":[{\"@type\":\"WebPage\",\"@id\":\"https:\\\/\\\/panaderiavillanueva.com\\\/\",\"url\":\"https:\\\/\\\/panaderiavillanueva.com\\\/\",\"name\":\"Inicio - Panader\u00eda Villanueva\",\"isPartOf\":{\"@id\":\"https:\\\/\\\/panaderiavillanueva.com\\\/#website\"},\"primaryImageOfPage\":{\"@id\":\"https:\\\/\\\/panaderiavillanueva.com\\\/#primaryimage\"},\"image\":{\"@id\":\"https:\\\/\\\/panaderiavillanueva.com\\\/#primaryimage\"},\"thumbnailUrl\":\"https:\\\/\\\/panaderiavillanueva.com\\\/wp-content\\\/uploads\\\/2026\\\/03\\\/panaderia_02-1024x683.jpg\",\"datePublished\":\"2026-03-11T10:14:46+00:00\",\"dateModified\":\"2026-03-27T17:28:33+00:00\",\"breadcrumb\":{\"@id\":\"https:\\\/\\\/panaderiavillanueva.com\\\/#breadcrumb\"},\"inLanguage\":\"en-US\",\"potentialAction\":[{\"@type\":\"ReadAction\",\"target\":[\"https:\\\/\\\/panaderiavillanueva.com\\\/\"]}]},{\"@type\":\"ImageObject\",\"inLanguage\":\"en-US\",\"@id\":\"https:\\\/\\\/panaderiavillanueva.com\\\/#primaryimage\",\"url\":\"https:\\\/\\\/panaderiavillanueva.com\\\/wp-content\\\/uploads\\\/2026\\\/03\\\/panaderia_02-1024x683.jpg\",\"contentUrl\":\"https:\\\/\\\/panaderiavillanueva.com\\\/wp-content\\\/uploads\\\/2026\\\/03\\\/panaderia_02-1024x683.jpg\"},{\"@type\":\"BreadcrumbList\",\"@id\":\"https:\\\/\\\/panaderiavillanueva.com\\\/#breadcrumb\",\"itemListElement\":[{\"@type\":\"ListItem\",\"position\":1,\"name\":\"Portada\",\"item\":\"https:\\\/\\\/panaderiavillanueva.com\\\/\"},{\"@type\":\"ListItem\",\"position\":2,\"name\":\"Inicio\"}]},{\"@type\":\"WebSite\",\"@id\":\"https:\\\/\\\/panaderiavillanueva.com\\\/#website\",\"url\":\"https:\\\/\\\/panaderiavillanueva.com\\\/\",\"name\":\"Panader\u00eda Villanueva\",\"description\":\"\",\"publisher\":{\"@id\":\"https:\\\/\\\/panaderiavillanueva.com\\\/#organization\"},\"potentialAction\":[{\"@type\":\"SearchAction\",\"target\":{\"@type\":\"EntryPoint\",\"urlTemplate\":\"https:\\\/\\\/panaderiavillanueva.com\\\/?s={search_term_string}\"},\"query-input\":{\"@type\":\"PropertyValueSpecification\",\"valueRequired\":true,\"valueName\":\"search_term_string\"}}],\"inLanguage\":\"en-US\"},{\"@type\":\"Organization\",\"@id\":\"https:\\\/\\\/panaderiavillanueva.com\\\/#organization\",\"name\":\"Panader\u00eda Villanueva\",\"url\":\"https:\\\/\\\/panaderiavillanueva.com\\\/\",\"logo\":{\"@type\":\"ImageObject\",\"inLanguage\":\"en-US\",\"@id\":\"https:\\\/\\\/panaderiavillanueva.com\\\/#\\\/schema\\\/logo\\\/image\\\/\",\"url\":\"https:\\\/\\\/panaderiavillanueva.com\\\/wp-content\\\/uploads\\\/2026\\\/03\\\/villanuevalazaro202602_logoarriba.jpg\",\"contentUrl\":\"https:\\\/\\\/panaderiavillanueva.com\\\/wp-content\\\/uploads\\\/2026\\\/03\\\/villanuevalazaro202602_logoarriba.jpg\",\"width\":360,\"height\":408,\"caption\":\"Panader\u00eda Villanueva\"},\"image\":{\"@id\":\"https:\\\/\\\/panaderiavillanueva.com\\\/#\\\/schema\\\/logo\\\/image\\\/\"}}]}<\/script>\n<!-- \/ Yoast SEO plugin. -->","yoast_head_json":{"title":"Inicio - Panader\u00eda Villanueva","robots":{"index":"index","follow":"follow","max-snippet":"max-snippet:-1","max-image-preview":"max-image-preview:large","max-video-preview":"max-video-preview:-1"},"canonical":"https:\/\/panaderiavillanueva.com\/en\/","og_locale":"en_US","og_type":"article","og_title":"Inicio - Panader\u00eda Villanueva","og_description":"Pastas VILLANUEVA Sin\u00f3nimos a tradici\u00f3n, calidad y dedicaci\u00f3n. Sobre nosotros: En Pastas Villanueva L\u00e1zaro somos una panader\u00eda y reposter\u00eda con una larga tradici\u00f3n, donde la calidad, el sabor y la dedicaci\u00f3n forman parte de nuestro d\u00eda a d\u00eda. A lo largo de los a\u00f1os hemos crecido manteniendo vivas las recetas de siempre, elaboradas con ingredientes [&hellip;]","og_url":"https:\/\/panaderiavillanueva.com\/en\/","og_site_name":"Panader\u00eda Villanueva","article_modified_time":"2026-03-27T17:28:33+00:00","og_image":[{"url":"https:\/\/panaderiavillanueva.com\/wp-content\/uploads\/2026\/03\/panaderia_02-1024x683.jpg","type":"","width":"","height":""}],"twitter_card":"summary_large_image","twitter_misc":{"Est. reading time":"1 minute"},"schema":{"@context":"https:\/\/schema.org","@graph":[{"@type":"WebPage","@id":"https:\/\/panaderiavillanueva.com\/","url":"https:\/\/panaderiavillanueva.com\/","name":"Inicio - Panader\u00eda Villanueva","isPartOf":{"@id":"https:\/\/panaderiavillanueva.com\/#website"},"primaryImageOfPage":{"@id":"https:\/\/panaderiavillanueva.com\/#primaryimage"},"image":{"@id":"https:\/\/panaderiavillanueva.com\/#primaryimage"},"thumbnailUrl":"https:\/\/panaderiavillanueva.com\/wp-content\/uploads\/2026\/03\/panaderia_02-1024x683.jpg","datePublished":"2026-03-11T10:14:46+00:00","dateModified":"2026-03-27T17:28:33+00:00","breadcrumb":{"@id":"https:\/\/panaderiavillanueva.com\/#breadcrumb"},"inLanguage":"en-US","potentialAction":[{"@type":"ReadAction","target":["https:\/\/panaderiavillanueva.com\/"]}]},{"@type":"ImageObject","inLanguage":"en-US","@id":"https:\/\/panaderiavillanueva.com\/#primaryimage","url":"https:\/\/panaderiavillanueva.com\/wp-content\/uploads\/2026\/03\/panaderia_02-1024x683.jpg","contentUrl":"https:\/\/panaderiavillanueva.com\/wp-content\/uploads\/2026\/03\/panaderia_02-1024x683.jpg"},{"@type":"BreadcrumbList","@id":"https:\/\/panaderiavillanueva.com\/#breadcrumb","itemListElement":[{"@type":"ListItem","position":1,"name":"Portada","item":"https:\/\/panaderiavillanueva.com\/"},{"@type":"ListItem","position":2,"name":"Inicio"}]},{"@type":"WebSite","@id":"https:\/\/panaderiavillanueva.com\/#website","url":"https:\/\/panaderiavillanueva.com\/","name":"Panader\u00eda Villanueva","description":"","publisher":{"@id":"https:\/\/panaderiavillanueva.com\/#organization"},"potentialAction":[{"@type":"SearchAction","target":{"@type":"EntryPoint","urlTemplate":"https:\/\/panaderiavillanueva.com\/?s={search_term_string}"},"query-input":{"@type":"PropertyValueSpecification","valueRequired":true,"valueName":"search_term_string"}}],"inLanguage":"en-US"},{"@type":"Organization","@id":"https:\/\/panaderiavillanueva.com\/#organization","name":"Panader\u00eda Villanueva","url":"https:\/\/panaderiavillanueva.com\/","logo":{"@type":"ImageObject","inLanguage":"en-US","@id":"https:\/\/panaderiavillanueva.com\/#\/schema\/logo\/image\/","url":"https:\/\/panaderiavillanueva.com\/wp-content\/uploads\/2026\/03\/villanuevalazaro202602_logoarriba.jpg","contentUrl":"https:\/\/panaderiavillanueva.com\/wp-content\/uploads\/2026\/03\/villanuevalazaro202602_logoarriba.jpg","width":360,"height":408,"caption":"Panader\u00eda Villanueva"},"image":{"@id":"https:\/\/panaderiavillanueva.com\/#\/schema\/logo\/image\/"}}]}},"_links":{"self":[{"href":"https:\/\/panaderiavillanueva.com\/en\/wp-json\/wp\/v2\/pages\/2","targetHints":{"allow":["GET"]}}],"collection":[{"href":"https:\/\/panaderiavillanueva.com\/en\/wp-json\/wp\/v2\/pages"}],"about":[{"href":"https:\/\/panaderiavillanueva.com\/en\/wp-json\/wp\/v2\/types\/page"}],"author":[{"embeddable":true,"href":"https:\/\/panaderiavillanueva.com\/en\/wp-json\/wp\/v2\/users\/1"}],"replies":[{"embeddable":true,"href":"https:\/\/panaderiavillanueva.com\/en\/wp-json\/wp\/v2\/comments?post=2"}],"version-history":[{"count":34,"href":"https:\/\/panaderiavillanueva.com\/en\/wp-json\/wp\/v2\/pages\/2\/revisions"}],"predecessor-version":[{"id":195,"href":"https:\/\/panaderiavillanueva.com\/en\/wp-json\/wp\/v2\/pages\/2\/revisions\/195"}],"wp:attachment":[{"href":"https:\/\/panaderiavillanueva.com\/en\/wp-json\/wp\/v2\/media?parent=2"}],"curies":[{"name":"wp","href":"https:\/\/api.w.org\/{rel}","templated":true}]}}