{"id":12,"date":"2026-03-11T10:30:22","date_gmt":"2026-03-11T10:30:22","guid":{"rendered":"https:\/\/panaderiavillanueva.rkinformatika.online\/?page_id=12"},"modified":"2026-03-27T17:33:17","modified_gmt":"2026-03-27T17:33:17","slug":"productos","status":"publish","type":"page","link":"https:\/\/panaderiavillanueva.com\/en\/productos\/","title":{"rendered":"Products"},"content":{"rendered":"<div data-elementor-type=\"wp-page\" data-elementor-id=\"12\" class=\"elementor elementor-12\" data-elementor-post-type=\"page\">\n\t\t\t\t<div class=\"elementor-element elementor-element-4719f39 e-flex e-con-boxed e-con e-parent\" data-id=\"4719f39\" data-element_type=\"container\" data-e-type=\"container\" data-settings=\"{&quot;background_background&quot;:&quot;classic&quot;}\">\n\t\t\t\t\t<div class=\"e-con-inner\">\n\t\t\t\t<div class=\"elementor-element elementor-element-5f8001d elementor-widget elementor-widget-heading\" data-id=\"5f8001d\" data-element_type=\"widget\" data-e-type=\"widget\" data-widget_type=\"heading.default\">\n\t\t\t\t\t<h2 class=\"elementor-heading-title elementor-size-default\">Descubre nuestros productos<\/h2>\t\t\t\t<\/div>\n\t\t\t\t\t<\/div>\n\t\t\t\t<\/div>\n\t\t<div class=\"elementor-element elementor-element-0bb9686 e-flex e-con-boxed e-con e-parent\" data-id=\"0bb9686\" data-element_type=\"container\" data-e-type=\"container\">\n\t\t\t\t\t<div class=\"e-con-inner\">\n\t\t\t\t<div class=\"elementor-element elementor-element-54ec154 elementor-widget elementor-widget-text-editor\" data-id=\"54ec154\" data-element_type=\"widget\" data-e-type=\"widget\" data-widget_type=\"text-editor.default\">\n\t\t\t\t\t\t\t\t\t<p>Tradici\u00f3n y calidad unidas para darte lo mejor.<\/p>\t\t\t\t\t\t\t\t<\/div>\n\t\t\t\t\t<\/div>\n\t\t\t\t<\/div>\n\t\t<div class=\"elementor-element elementor-element-5fede47 e-flex e-con-boxed e-con e-parent\" data-id=\"5fede47\" data-element_type=\"container\" data-e-type=\"container\" data-settings=\"{&quot;background_background&quot;:&quot;gradient&quot;}\">\n\t\t\t\t\t<div class=\"e-con-inner\">\n\t\t<div class=\"elementor-element elementor-element-2f31c41 e-con-full e-flex e-con e-child\" data-id=\"2f31c41\" data-element_type=\"container\" data-e-type=\"container\" data-settings=\"{&quot;background_background&quot;:&quot;classic&quot;}\">\n\t\t\t\t<div class=\"elementor-element elementor-element-b17be6c elementor-cta--skin-classic elementor-animated-content elementor-bg-transform elementor-bg-transform-zoom-in elementor-widget elementor-widget-call-to-action\" data-id=\"b17be6c\" data-element_type=\"widget\" data-e-type=\"widget\" data-widget_type=\"call-to-action.default\">\n\t\t\t\t\t\t\t<div class=\"elementor-cta\">\n\t\t\t\t\t<div class=\"elementor-cta__bg-wrapper\">\n\t\t\t\t<div class=\"elementor-cta__bg elementor-bg\" style=\"background-image: url(https:\/\/panaderiavillanueva.com\/wp-content\/uploads\/2026\/03\/panaderia-1024x576.webp);\" role=\"img\" aria-label=\"panaderia\"><\/div>\n\t\t\t\t<div class=\"elementor-cta__bg-overlay\"><\/div>\n\t\t\t<\/div>\n\t\t\t\t\t\t\t<div class=\"elementor-cta__content\">\n\t\t\t\t\n\t\t\t\t\t\t\t\t\t<h2 class=\"elementor-cta__title elementor-cta__content-item elementor-content-item\">\n\t\t\t\t\t\tPan artesanal\t\t\t\t\t<\/h2>\n\t\t\t\t\n\t\t\t\t\t\t\t\t\t<div class=\"elementor-cta__description elementor-cta__content-item elementor-content-item\">\n\t\t\t\t\t\tElaborado diariamente para ofrecer un pan fresco, crujiente y con el sabor de siempre.\t\t\t\t\t<\/div>\n\t\t\t\t\n\t\t\t\t\t\t\t<\/div>\n\t\t\t\t\t\t<\/div>\n\t\t\t\t\t\t<\/div>\n\t\t\t\t<\/div>\n\t\t<div class=\"elementor-element elementor-element-b9dd724 e-con-full e-flex e-con e-child\" data-id=\"b9dd724\" data-element_type=\"container\" data-e-type=\"container\" data-settings=\"{&quot;background_background&quot;:&quot;classic&quot;}\">\n\t\t\t\t<div class=\"elementor-element elementor-element-9f34f32 elementor-cta--skin-classic elementor-animated-content elementor-bg-transform elementor-bg-transform-zoom-in elementor-widget elementor-widget-call-to-action\" data-id=\"9f34f32\" data-element_type=\"widget\" data-e-type=\"widget\" data-widget_type=\"call-to-action.default\">\n\t\t\t\t\t\t\t<div class=\"elementor-cta\">\n\t\t\t\t\t<div class=\"elementor-cta__bg-wrapper\">\n\t\t\t\t<div class=\"elementor-cta__bg elementor-bg\" style=\"background-image: url(https:\/\/panaderiavillanueva.com\/wp-content\/uploads\/2026\/03\/panaderia_16-1024x683.jpg);\" role=\"img\" aria-label=\"At the supermarket. Top view of tasty baking waiting for customers\"><\/div>\n\t\t\t\t<div class=\"elementor-cta__bg-overlay\"><\/div>\n\t\t\t<\/div>\n\t\t\t\t\t\t\t<div class=\"elementor-cta__content\">\n\t\t\t\t\n\t\t\t\t\t\t\t\t\t<h2 class=\"elementor-cta__title elementor-cta__content-item elementor-content-item\">\n\t\t\t\t\t\tPastas deliciosas\t\t\t\t\t<\/h2>\n\t\t\t\t\n\t\t\t\t\t\t\t\t\t<div class=\"elementor-cta__description elementor-cta__content-item elementor-content-item\">\n\t\t\t\t\t\tPastas artesanales, perfectas para acompa\u00f1ar cualquier momento del d\u00eda.\t\t\t\t\t<\/div>\n\t\t\t\t\n\t\t\t\t\t\t\t<\/div>\n\t\t\t\t\t\t<\/div>\n\t\t\t\t\t\t<\/div>\n\t\t\t\t<\/div>\n\t\t<div class=\"elementor-element elementor-element-88331d2 e-con-full e-flex e-con e-child\" data-id=\"88331d2\" data-element_type=\"container\" data-e-type=\"container\" data-settings=\"{&quot;background_background&quot;:&quot;classic&quot;}\">\n\t\t\t\t<div class=\"elementor-element elementor-element-79c77a8 elementor-cta--skin-classic elementor-animated-content elementor-bg-transform elementor-bg-transform-zoom-in elementor-widget elementor-widget-call-to-action\" data-id=\"79c77a8\" data-element_type=\"widget\" data-e-type=\"widget\" data-widget_type=\"call-to-action.default\">\n\t\t\t\t\t\t\t<div class=\"elementor-cta\">\n\t\t\t\t\t<div class=\"elementor-cta__bg-wrapper\">\n\t\t\t\t<div class=\"elementor-cta__bg elementor-bg\" style=\"background-image: url(https:\/\/panaderiavillanueva.com\/wp-content\/uploads\/2026\/03\/panaderia_17-1024x683.jpg);\" role=\"img\" aria-label=\"panaderia_17\"><\/div>\n\t\t\t\t<div class=\"elementor-cta__bg-overlay\"><\/div>\n\t\t\t<\/div>\n\t\t\t\t\t\t\t<div class=\"elementor-cta__content\">\n\t\t\t\t\n\t\t\t\t\t\t\t\t\t<h2 class=\"elementor-cta__title elementor-cta__content-item elementor-content-item\">\n\t\t\t\t\t\tProductos tradicionales\t\t\t\t\t<\/h2>\n\t\t\t\t\n\t\t\t\t\t\t\t\t\t<div class=\"elementor-cta__description elementor-cta__content-item elementor-content-item\">\n\t\t\t\t\t\tRecetas de siempre que mantienen el sabor aut\u00e9ntico de la pasteler\u00eda cl\u00e1sica.\t\t\t\t\t<\/div>\n\t\t\t\t\n\t\t\t\t\t\t\t<\/div>\n\t\t\t\t\t\t<\/div>\n\t\t\t\t\t\t<\/div>\n\t\t\t\t<\/div>\n\t\t<div class=\"elementor-element elementor-element-8cfba84 e-con-full e-flex e-con e-child\" data-id=\"8cfba84\" data-element_type=\"container\" data-e-type=\"container\" data-settings=\"{&quot;background_background&quot;:&quot;classic&quot;}\">\n\t\t\t\t<div class=\"elementor-element elementor-element-46f5cf5 elementor-cta--skin-classic elementor-animated-content elementor-bg-transform elementor-bg-transform-zoom-in elementor-widget elementor-widget-call-to-action\" data-id=\"46f5cf5\" data-element_type=\"widget\" data-e-type=\"widget\" data-widget_type=\"call-to-action.default\">\n\t\t\t\t\t\t\t<div class=\"elementor-cta\">\n\t\t\t\t\t<div class=\"elementor-cta__bg-wrapper\">\n\t\t\t\t<div class=\"elementor-cta__bg elementor-bg\" style=\"background-image: url(https:\/\/panaderiavillanueva.com\/wp-content\/uploads\/2026\/03\/panaderia_19.jpg);\" role=\"img\" aria-label=\"panaderia_19\"><\/div>\n\t\t\t\t<div class=\"elementor-cta__bg-overlay\"><\/div>\n\t\t\t<\/div>\n\t\t\t\t\t\t\t<div class=\"elementor-cta__content\">\n\t\t\t\t\n\t\t\t\t\t\t\t\t\t<h2 class=\"elementor-cta__title elementor-cta__content-item elementor-content-item\">\n\t\t\t\t\t\tBolletes o \u201cespa\u00f1olas\u201d\t\t\t\t\t<\/h2>\n\t\t\t\t\n\t\t\t\t\t\t\t\t\t<div class=\"elementor-cta__description elementor-cta__content-item elementor-content-item\">\n\t\t\t\t\t\tNuestra especialidad m\u00e1s reconocida, con textura y sabor \u00fanicos de toda la vida.\t\t\t\t\t<\/div>\n\t\t\t\t\n\t\t\t\t\t\t\t<\/div>\n\t\t\t\t\t\t<\/div>\n\t\t\t\t\t\t<\/div>\n\t\t\t\t<\/div>\n\t\t\t\t\t<\/div>\n\t\t\t\t<\/div>\n\t\t<div class=\"elementor-element elementor-element-5f84143 e-flex e-con-boxed e-con e-parent\" data-id=\"5f84143\" data-element_type=\"container\" data-e-type=\"container\" data-settings=\"{&quot;background_background&quot;:&quot;classic&quot;}\">\n\t\t\t\t\t<div class=\"e-con-inner\">\n\t\t\t\t<div class=\"elementor-element elementor-element-260be02 elementor-widget elementor-widget-heading\" data-id=\"260be02\" data-element_type=\"widget\" data-e-type=\"widget\" data-widget_type=\"heading.default\">\n\t\t\t\t\t<h2 class=\"elementor-heading-title elementor-size-default\">La calidad que nos representa, a tu disposici\u00f3n.<\/h2>\t\t\t\t<\/div>\n\t\t\t\t<div class=\"elementor-element elementor-element-37570d2 elementor-widget elementor-widget-button\" data-id=\"37570d2\" data-element_type=\"widget\" data-e-type=\"widget\" data-widget_type=\"button.default\">\n\t\t\t\t\t\t\t\t\t\t<a class=\"elementor-button elementor-button-link elementor-size-sm elementor-animation-grow\" href=\"\/en\/contacto\/\">\n\t\t\t\t\t\t<span class=\"elementor-button-content-wrapper\">\n\t\t\t\t\t\t<span class=\"elementor-button-icon\">\n\t\t\t\t<svg aria-hidden=\"true\" class=\"e-font-icon-svg e-fas-comment-dots\" viewbox=\"0 0 512 512\" xmlns=\"http:\/\/www.w3.org\/2000\/svg\"><path d=\"M256 32C114.6 32 0 125.1 0 240c0 49.6 21.4 95 57 130.7C44.5 421.1 2.7 466 2.2 466.5c-2.2 2.3-2.8 5.7-1.5 8.7S4.8 480 8 480c66.3 0 116-31.8 140.6-51.4 32.7 12.3 69 19.4 107.4 19.4 141.4 0 256-93.1 256-208S397.4 32 256 32zM128 272c-17.7 0-32-14.3-32-32s14.3-32 32-32 32 14.3 32 32-14.3 32-32 32zm128 0c-17.7 0-32-14.3-32-32s14.3-32 32-32 32 14.3 32 32-14.3 32-32 32zm128 0c-17.7 0-32-14.3-32-32s14.3-32 32-32 32 14.3 32 32-14.3 32-32 32z\"><\/path><\/svg>\t\t\t<\/span>\n\t\t\t\t\t\t\t\t\t<span class=\"elementor-button-text\">Contact<\/span>\n\t\t\t\t\t<\/span>\n\t\t\t\t\t<\/a>\n\t\t\t\t\t\t\t\t<\/div>\n\t\t\t\t\t<\/div>\n\t\t\t\t<\/div>\n\t\t\t\t<\/div>","protected":false},"excerpt":{"rendered":"<p>Descubre nuestros productos Tradici\u00f3n y calidad unidas para darte lo mejor. Pan artesanal Elaborado diariamente para ofrecer un pan fresco, crujiente y con el sabor de siempre. Pastas deliciosas Pastas artesanales, perfectas para acompa\u00f1ar cualquier momento del d\u00eda. Productos tradicionales Recetas de siempre que mantienen el sabor aut\u00e9ntico de la pasteler\u00eda cl\u00e1sica. Bolletes o \u201cespa\u00f1olas\u201d [&hellip;]<\/p>\n","protected":false},"author":1,"featured_media":0,"parent":0,"menu_order":0,"comment_status":"closed","ping_status":"closed","template":"elementor_canvas","meta":{"footnotes":""},"class_list":["post-12","page","type-page","status-publish","hentry"],"yoast_head":"<!-- This site is optimized with the Yoast SEO plugin v27.4 - https:\/\/yoast.com\/product\/yoast-seo-wordpress\/ -->\n<title>Productos - Panader\u00eda Villanueva<\/title>\n<meta name=\"robots\" content=\"index, follow, max-snippet:-1, max-image-preview:large, max-video-preview:-1\" \/>\n<link rel=\"canonical\" href=\"https:\/\/panaderiavillanueva.com\/en\/productos\/\" \/>\n<meta property=\"og:locale\" content=\"en_US\" \/>\n<meta property=\"og:type\" content=\"article\" \/>\n<meta property=\"og:title\" content=\"Productos - Panader\u00eda Villanueva\" \/>\n<meta property=\"og:description\" content=\"Descubre nuestros productos Tradici\u00f3n y calidad unidas para darte lo mejor. Pan artesanal Elaborado diariamente para ofrecer un pan fresco, crujiente y con el sabor de siempre. Pastas deliciosas Pastas artesanales, perfectas para acompa\u00f1ar cualquier momento del d\u00eda. Productos tradicionales Recetas de siempre que mantienen el sabor aut\u00e9ntico de la pasteler\u00eda cl\u00e1sica. Bolletes o \u201cespa\u00f1olas\u201d [&hellip;]\" \/>\n<meta property=\"og:url\" content=\"https:\/\/panaderiavillanueva.com\/en\/productos\/\" \/>\n<meta property=\"og:site_name\" content=\"Panader\u00eda Villanueva\" \/>\n<meta property=\"article:modified_time\" content=\"2026-03-27T17:33:17+00:00\" \/>\n<meta name=\"twitter:card\" content=\"summary_large_image\" \/>\n<meta name=\"twitter:label1\" content=\"Est. reading time\" \/>\n\t<meta name=\"twitter:data1\" content=\"1 minute\" \/>\n<script type=\"application\/ld+json\" class=\"yoast-schema-graph\">{\"@context\":\"https:\\\/\\\/schema.org\",\"@graph\":[{\"@type\":\"WebPage\",\"@id\":\"https:\\\/\\\/panaderiavillanueva.com\\\/productos\\\/\",\"url\":\"https:\\\/\\\/panaderiavillanueva.com\\\/productos\\\/\",\"name\":\"Productos - Panader\u00eda Villanueva\",\"isPartOf\":{\"@id\":\"https:\\\/\\\/panaderiavillanueva.com\\\/#website\"},\"datePublished\":\"2026-03-11T10:30:22+00:00\",\"dateModified\":\"2026-03-27T17:33:17+00:00\",\"breadcrumb\":{\"@id\":\"https:\\\/\\\/panaderiavillanueva.com\\\/productos\\\/#breadcrumb\"},\"inLanguage\":\"en-US\",\"potentialAction\":[{\"@type\":\"ReadAction\",\"target\":[\"https:\\\/\\\/panaderiavillanueva.com\\\/productos\\\/\"]}]},{\"@type\":\"BreadcrumbList\",\"@id\":\"https:\\\/\\\/panaderiavillanueva.com\\\/productos\\\/#breadcrumb\",\"itemListElement\":[{\"@type\":\"ListItem\",\"position\":1,\"name\":\"Portada\",\"item\":\"https:\\\/\\\/panaderiavillanueva.com\\\/\"},{\"@type\":\"ListItem\",\"position\":2,\"name\":\"Productos\"}]},{\"@type\":\"WebSite\",\"@id\":\"https:\\\/\\\/panaderiavillanueva.com\\\/#website\",\"url\":\"https:\\\/\\\/panaderiavillanueva.com\\\/\",\"name\":\"Panader\u00eda Villanueva\",\"description\":\"\",\"publisher\":{\"@id\":\"https:\\\/\\\/panaderiavillanueva.com\\\/#organization\"},\"potentialAction\":[{\"@type\":\"SearchAction\",\"target\":{\"@type\":\"EntryPoint\",\"urlTemplate\":\"https:\\\/\\\/panaderiavillanueva.com\\\/?s={search_term_string}\"},\"query-input\":{\"@type\":\"PropertyValueSpecification\",\"valueRequired\":true,\"valueName\":\"search_term_string\"}}],\"inLanguage\":\"en-US\"},{\"@type\":\"Organization\",\"@id\":\"https:\\\/\\\/panaderiavillanueva.com\\\/#organization\",\"name\":\"Panader\u00eda Villanueva\",\"url\":\"https:\\\/\\\/panaderiavillanueva.com\\\/\",\"logo\":{\"@type\":\"ImageObject\",\"inLanguage\":\"en-US\",\"@id\":\"https:\\\/\\\/panaderiavillanueva.com\\\/#\\\/schema\\\/logo\\\/image\\\/\",\"url\":\"https:\\\/\\\/panaderiavillanueva.com\\\/wp-content\\\/uploads\\\/2026\\\/03\\\/villanuevalazaro202602_logoarriba.jpg\",\"contentUrl\":\"https:\\\/\\\/panaderiavillanueva.com\\\/wp-content\\\/uploads\\\/2026\\\/03\\\/villanuevalazaro202602_logoarriba.jpg\",\"width\":360,\"height\":408,\"caption\":\"Panader\u00eda Villanueva\"},\"image\":{\"@id\":\"https:\\\/\\\/panaderiavillanueva.com\\\/#\\\/schema\\\/logo\\\/image\\\/\"}}]}<\/script>\n<!-- \/ Yoast SEO plugin. -->","yoast_head_json":{"title":"Productos - Panader\u00eda Villanueva","robots":{"index":"index","follow":"follow","max-snippet":"max-snippet:-1","max-image-preview":"max-image-preview:large","max-video-preview":"max-video-preview:-1"},"canonical":"https:\/\/panaderiavillanueva.com\/en\/productos\/","og_locale":"en_US","og_type":"article","og_title":"Productos - Panader\u00eda Villanueva","og_description":"Descubre nuestros productos Tradici\u00f3n y calidad unidas para darte lo mejor. Pan artesanal Elaborado diariamente para ofrecer un pan fresco, crujiente y con el sabor de siempre. Pastas deliciosas Pastas artesanales, perfectas para acompa\u00f1ar cualquier momento del d\u00eda. Productos tradicionales Recetas de siempre que mantienen el sabor aut\u00e9ntico de la pasteler\u00eda cl\u00e1sica. Bolletes o \u201cespa\u00f1olas\u201d [&hellip;]","og_url":"https:\/\/panaderiavillanueva.com\/en\/productos\/","og_site_name":"Panader\u00eda Villanueva","article_modified_time":"2026-03-27T17:33:17+00:00","twitter_card":"summary_large_image","twitter_misc":{"Est. reading time":"1 minute"},"schema":{"@context":"https:\/\/schema.org","@graph":[{"@type":"WebPage","@id":"https:\/\/panaderiavillanueva.com\/productos\/","url":"https:\/\/panaderiavillanueva.com\/productos\/","name":"Productos - Panader\u00eda Villanueva","isPartOf":{"@id":"https:\/\/panaderiavillanueva.com\/#website"},"datePublished":"2026-03-11T10:30:22+00:00","dateModified":"2026-03-27T17:33:17+00:00","breadcrumb":{"@id":"https:\/\/panaderiavillanueva.com\/productos\/#breadcrumb"},"inLanguage":"en-US","potentialAction":[{"@type":"ReadAction","target":["https:\/\/panaderiavillanueva.com\/productos\/"]}]},{"@type":"BreadcrumbList","@id":"https:\/\/panaderiavillanueva.com\/productos\/#breadcrumb","itemListElement":[{"@type":"ListItem","position":1,"name":"Portada","item":"https:\/\/panaderiavillanueva.com\/"},{"@type":"ListItem","position":2,"name":"Productos"}]},{"@type":"WebSite","@id":"https:\/\/panaderiavillanueva.com\/#website","url":"https:\/\/panaderiavillanueva.com\/","name":"Panader\u00eda Villanueva","description":"","publisher":{"@id":"https:\/\/panaderiavillanueva.com\/#organization"},"potentialAction":[{"@type":"SearchAction","target":{"@type":"EntryPoint","urlTemplate":"https:\/\/panaderiavillanueva.com\/?s={search_term_string}"},"query-input":{"@type":"PropertyValueSpecification","valueRequired":true,"valueName":"search_term_string"}}],"inLanguage":"en-US"},{"@type":"Organization","@id":"https:\/\/panaderiavillanueva.com\/#organization","name":"Panader\u00eda Villanueva","url":"https:\/\/panaderiavillanueva.com\/","logo":{"@type":"ImageObject","inLanguage":"en-US","@id":"https:\/\/panaderiavillanueva.com\/#\/schema\/logo\/image\/","url":"https:\/\/panaderiavillanueva.com\/wp-content\/uploads\/2026\/03\/villanuevalazaro202602_logoarriba.jpg","contentUrl":"https:\/\/panaderiavillanueva.com\/wp-content\/uploads\/2026\/03\/villanuevalazaro202602_logoarriba.jpg","width":360,"height":408,"caption":"Panader\u00eda Villanueva"},"image":{"@id":"https:\/\/panaderiavillanueva.com\/#\/schema\/logo\/image\/"}}]}},"_links":{"self":[{"href":"https:\/\/panaderiavillanueva.com\/en\/wp-json\/wp\/v2\/pages\/12","targetHints":{"allow":["GET"]}}],"collection":[{"href":"https:\/\/panaderiavillanueva.com\/en\/wp-json\/wp\/v2\/pages"}],"about":[{"href":"https:\/\/panaderiavillanueva.com\/en\/wp-json\/wp\/v2\/types\/page"}],"author":[{"embeddable":true,"href":"https:\/\/panaderiavillanueva.com\/en\/wp-json\/wp\/v2\/users\/1"}],"replies":[{"embeddable":true,"href":"https:\/\/panaderiavillanueva.com\/en\/wp-json\/wp\/v2\/comments?post=12"}],"version-history":[{"count":66,"href":"https:\/\/panaderiavillanueva.com\/en\/wp-json\/wp\/v2\/pages\/12\/revisions"}],"predecessor-version":[{"id":250,"href":"https:\/\/panaderiavillanueva.com\/en\/wp-json\/wp\/v2\/pages\/12\/revisions\/250"}],"wp:attachment":[{"href":"https:\/\/panaderiavillanueva.com\/en\/wp-json\/wp\/v2\/media?parent=12"}],"curies":[{"name":"wp","href":"https:\/\/api.w.org\/{rel}","templated":true}]}}